{"id":7189,"date":"2015-05-04T09:28:36","date_gmt":"2015-05-04T07:28:36","guid":{"rendered":"https:\/\/www.berlin-producers.de\/newsletter-2\/"},"modified":"2018-10-15T15:08:04","modified_gmt":"2018-10-15T13:08:04","slug":"newsletter","status":"publish","type":"page","link":"https:\/\/www.berlin-producers.de\/en\/newsletter\/","title":{"rendered":"Newsletter"},"content":{"rendered":"<p>[et_pb_section bb_built=&#8221;1&#8243; fullwidth=&#8221;on&#8221; specialty=&#8221;off&#8221; transparent_background=&#8221;off&#8221; allow_player_pause=&#8221;off&#8221; inner_shadow=&#8221;off&#8221; parallax=&#8221;off&#8221; parallax_method=&#8221;off&#8221; module_class=&#8221;farbebp&#8221; prev_background_color=&#8221;#000000&#8243; next_background_color=&#8221;#ffffff&#8221;][et_pb_fullwidth_header title=&#8221;Newsletter&#8221; background_layout=&#8221;dark&#8221; text_orientation=&#8221;left&#8221; content_max_width=&#8221;100%&#8221; background_color=&#8221;rgba(255, 255, 255, 0)&#8221; button_one_text_size__hover_enabled=&#8221;off&#8221; button_one_text_size__hover=&#8221;null&#8221; button_two_text_size__hover_enabled=&#8221;off&#8221; button_two_text_size__hover=&#8221;null&#8221; button_one_text_color__hover_enabled=&#8221;off&#8221; button_one_text_color__hover=&#8221;null&#8221; button_two_text_color__hover_enabled=&#8221;off&#8221; button_two_text_color__hover=&#8221;null&#8221; button_one_border_width__hover_enabled=&#8221;off&#8221; button_one_border_width__hover=&#8221;null&#8221; button_two_border_width__hover_enabled=&#8221;off&#8221; button_two_border_width__hover=&#8221;null&#8221; button_one_border_color__hover_enabled=&#8221;off&#8221; button_one_border_color__hover=&#8221;null&#8221; button_two_border_color__hover_enabled=&#8221;off&#8221; button_two_border_color__hover=&#8221;null&#8221; button_one_border_radius__hover_enabled=&#8221;off&#8221; button_one_border_radius__hover=&#8221;null&#8221; button_two_border_radius__hover_enabled=&#8221;off&#8221; button_two_border_radius__hover=&#8221;null&#8221; button_one_letter_spacing__hover_enabled=&#8221;off&#8221; button_one_letter_spacing__hover=&#8221;null&#8221; button_two_letter_spacing__hover_enabled=&#8221;off&#8221; button_two_letter_spacing__hover=&#8221;null&#8221; button_one_bg_color__hover_enabled=&#8221;off&#8221; button_one_bg_color__hover=&#8221;null&#8221; button_two_bg_color__hover_enabled=&#8221;off&#8221; button_two_bg_color__hover=&#8221;null&#8221; \/][\/et_pb_section][et_pb_section bb_built=&#8221;1&#8243; prev_background_color=&#8221;#000000&#8243;][et_pb_row _builder_version=&#8221;3.16.1&#8243; use_custom_width=&#8221;on&#8221; custom_width_px=&#8221;668px&#8221;][et_pb_column type=&#8221;4_4&#8243;][et_pb_divider _builder_version=&#8221;3.16.1&#8243; show_divider=&#8221;off&#8221; height=&#8221;7px&#8221; \/][\/et_pb_column][\/et_pb_row][et_pb_row _builder_version=&#8221;3.16.1&#8243; use_custom_width=&#8221;on&#8221; custom_width_px=&#8221;668px&#8221;][et_pb_column type=&#8221;4_4&#8243;][et_pb_text _builder_version=&#8221;3.16.1&#8243;]<\/p>\n<p>Stay up to date and subscribe to our newsletter distribution list:<\/p>\n<p>[\/et_pb_text][et_pb_code admin_label=&#8221;MailChimp&#8221; _builder_version=&#8221;3.16.1&#8243;]&lt;!&#8211; Begin Mailchimp Signup Form &lt;!&#8211; [et_pb_line_break_holder] &#8211;&gt;&lt;!&#8211; [et_pb_line_break_holder] &#8211;&gt;&lt;style type=&#8221;text\/css&#8221;&gt;&lt;!&#8211; [et_pb_line_break_holder] &#8211;&gt; #mc_embed_signup{background:#fff; clear:left; }&lt;br \/&gt;&lt;!&#8211; [et_pb_line_break_holder] &#8211;&gt; \/* Add your own MailChimp form style overrides in your site stylesheet or in this style block.&lt;br \/&gt;&lt;!&#8211; [et_pb_line_break_holder] &#8211;&gt; We recommend moving this block and the preceding CSS link to the HEAD of your HTML file. *\/&lt;br \/&gt;&lt;!&#8211; [et_pb_line_break_holder] &#8211;&gt;&lt;\/style&gt; &lt;style type=&#8221;text\/css&#8221;&gt;&lt;!&#8211; [et_pb_line_break_holder] &#8211;&gt; #mc-embedded-subscribe-form input[type=checkbox]{display: inline; width: auto;margin-right: 10px;}&lt;br \/&gt;&lt;!&#8211; [et_pb_line_break_holder] &#8211;&gt; #mergeRow-gdpr {margin-top: 20px;}&lt;br \/&gt;&lt;!&#8211; [et_pb_line_break_holder] &#8211;&gt; #mergeRow-gdpr fieldset label {font-weight: normal;}&lt;br \/&gt;&lt;!&#8211; [et_pb_line_break_holder] &#8211;&gt; #mc-embedded-subscribe-form .mc_fieldset{border:none;min-height: 0px;padding-bottom:0px;}&lt;br \/&gt;&lt;!&#8211; [et_pb_line_break_holder] &#8211;&gt;&lt;\/style&gt;&lt;!&#8211; [et_pb_line_break_holder] &#8211;&gt;&lt;div id=&#8221;mc_embed_signup&#8221;&gt;&lt;form id=&#8221;mc-embedded-subscribe-form&#8221; class=&#8221;validate&#8221; action=&#8221;https:\/\/berlin-producers.us19.list-manage.com\/subscribe\/post?u=e524b4a1c116a2c17d29f8828&amp;amp;id=ff763ef8e7&#8243; method=&#8221;post&#8221; name=&#8221;mc-embedded-subscribe-form&#8221; novalidate=&#8221;&#8221; target=&#8221;_blank&#8221;&gt;&lt;!&#8211; [et_pb_line_break_holder] &#8211;&gt;&lt;div id=&#8221;mc_embed_signup_scroll&#8221;&gt;&lt;!&#8211; [et_pb_line_break_holder] &#8211;&gt;&lt;!&#8211; [et_pb_line_break_holder] &#8211;&gt;&lt;div class=&#8221;mc-field-group&#8221;&gt;&lt;label for=&#8221;mce-EMAIL&#8221;&gt;Ihre E-Mail Adresse: &lt;\/label&gt;&lt;!&#8211; [et_pb_line_break_holder] &#8211;&gt;&lt;input id=&#8221;mce-EMAIL&#8221; class=&#8221;required email&#8221; name=&#8221;EMAIL&#8221; type=&#8221;email&#8221; value=&#8221;&#8221; style=&#8221;width: 100%;&lt;!&#8211; [et_pb_line_break_holder] &#8211;&gt; padding: 16px;&lt;!&#8211; [et_pb_line_break_holder] &#8211;&gt; padding-top: 16px;&lt;!&#8211; [et_pb_line_break_holder] &#8211;&gt; padding-right: 16px;&lt;!&#8211; [et_pb_line_break_holder] &#8211;&gt; padding-bottom: 16px;&lt;!&#8211; [et_pb_line_break_holder] &#8211;&gt; padding-left: 16px;&lt;!&#8211; [et_pb_line_break_holder] &#8211;&gt; border-width: 0;&lt;!&#8211; [et_pb_line_break_holder] &#8211;&gt; -webkit-border-radius: 0;&lt;!&#8211; [et_pb_line_break_holder] &#8211;&gt; -moz-border-radius: 0;&lt;!&#8211; [et_pb_line_break_holder] &#8211;&gt; border-radius: 0;&lt;!&#8211; [et_pb_line_break_holder] &#8211;&gt; color: #999;&lt;!&#8211; [et_pb_line_break_holder] &#8211;&gt; background-color: #eee;&lt;!&#8211; [et_pb_line_break_holder] &#8211;&gt; font-size: 14px;&lt;!&#8211; [et_pb_line_break_holder] &#8211;&gt; -webkit-appearance: none;&#8221;\/&gt;&lt;\/div&gt;&lt;!&#8211; [et_pb_line_break_holder] &#8211;&gt;&lt;div id=&#8221;mergeRow-gdpr&#8221; class=&#8221;mergeRow gdpr-mergeRow content__gdprBlock mc-field-group&#8221;&gt;&lt;!&#8211; [et_pb_line_break_holder] &#8211;&gt;&lt;div class=&#8221;content__gdpr&#8221; style=&#8221;display: none;&#8221;&gt;&lt;label&gt;Erlaubnis zum Marketing&lt;\/label&gt;Please select all the ways you would like to hear from media:&lt;!&#8211; [et_pb_line_break_holder] &#8211;&gt;&lt;fieldset class=&#8221;mc_fieldset gdprRequired mc-field-group&#8221; name=&#8221;interestgroup_field&#8221;&gt;&lt;label class=&#8221;checkbox subfield&#8221; for=&#8221;gdpr_13485&#8243;&gt;&lt;input id=&#8221;gdpr_13485&#8243; class=&#8221;av-checkbox &#8221; checked=&#8221;checked&#8221; name=&#8221;gdpr[13485]&#8221; type=&#8221;checkbox&#8221; value=&#8221;Y&#8221; \/&gt;E-Mail &lt;\/label&gt;&lt;label class=&#8221;checkbox subfield&#8221; for=&#8221;gdpr_13489&#8243;&gt;&lt;input id=&#8221;gdpr_13489&#8243; class=&#8221;av-checkbox &#8221; name=&#8221;gdpr[13489]&#8221; type=&#8221;checkbox&#8221; value=&#8221;Y&#8221; \/&gt;Postwurfsendung &lt;\/label&gt;&lt;label class=&#8221;checkbox subfield&#8221; for=&#8221;gdpr_13493&#8243;&gt;&lt;input id=&#8221;gdpr_13493&#8243; class=&#8221;av-checkbox &#8221; name=&#8221;gdpr[13493]&#8221; type=&#8221;checkbox&#8221; value=&#8221;Y&#8221; \/&gt;Ma\u00dfgeschneiderte Online-Werbung &lt;\/label&gt;&lt;\/fieldset&gt;&lt;!&#8211; [et_pb_line_break_holder] &#8211;&gt;&lt;p style=&#8221;font-size: 0.8em; margin: 30px 0px;&#8221;&gt;&lt;!&#8211; [et_pb_line_break_holder] &#8211;&gt;Sie k\u00f6nnen sich jederzeit abmelden, indem Sie auf den Link in der Fu\u00dfzeile unserer E-Mails klicken. Informationen zu unseren Datenschutzpraktiken finden Sie auf unserer Website.&lt;!&#8211; [et_pb_line_break_holder] &#8211;&gt;&lt;\/p&gt;&lt;!&#8211; [et_pb_line_break_holder] &#8211;&gt;&lt;\/div&gt;&lt;!&#8211; [et_pb_line_break_holder] &#8211;&gt;&lt;div class=&#8221;content__gdprLegal&#8221;&gt;&lt;!&#8211; [et_pb_line_break_holder] &#8211;&gt;&lt;p style=&#8221;font-size: 0.8em; margin: 20px 0px;&#8221;&gt;&lt;!&#8211; [et_pb_line_break_holder] &#8211;&gt;Sie k\u00f6nnen sich jederzeit abmelden, indem Sie auf den Link in der Fu\u00dfzeile unserer E-Mails klicken. Informationen zu unseren Datenschutzpraktiken finden Sie auf unserer Website.&lt;!&#8211; [et_pb_line_break_holder] &#8211;&gt;&lt;!&#8211; [et_pb_line_break_holder] &#8211;&gt;Hinweise zu der von der Einwilligung mit umfassten Erfolgsmessung, dem Einsatz des Versanddienstleisters MailChimp, Protokollierung der Anmeldung und Ihren Widerrufsrechten erhalten Sie in unserer &lt;a href=&#8221;https:\/\/www.berlin-producers.de\/datenschutz\/&#8221;&gt;Datenschutzerkl\u00e4rung&lt;\/a&gt;.&lt;!&#8211; [et_pb_line_break_holder] &#8211;&gt;&lt;\/p&gt;&lt;!&#8211; [et_pb_line_break_holder] &#8211;&gt;&lt;\/div&gt;&lt;!&#8211; [et_pb_line_break_holder] &#8211;&gt;&lt;\/div&gt;&lt;!&#8211; [et_pb_line_break_holder] &#8211;&gt;&lt;div id=&#8221;mce-responses&#8221; class=&#8221;clear&#8221;&gt;&lt;!&#8211; [et_pb_line_break_holder] &#8211;&gt;&lt;div id=&#8221;mce-error-response&#8221; class=&#8221;response&#8221; style=&#8221;display: none;&#8221;&gt;&lt;\/div&gt;&lt;!&#8211; [et_pb_line_break_holder] &#8211;&gt;&lt;div id=&#8221;mce-success-response&#8221; class=&#8221;response&#8221; style=&#8221;display: none;&#8221;&gt;&lt;\/div&gt;&lt;!&#8211; [et_pb_line_break_holder] &#8211;&gt;&lt;\/div&gt;&lt;!&#8211; [et_pb_line_break_holder] &#8211;&gt;&lt;!&#8211; [et_pb_line_break_holder] &#8211;&gt;&lt;div style=&#8221;position: absolute; left: -5000px;&#8221; aria-hidden=&#8221;true&#8221;&gt;&lt;input tabindex=&#8221;-1&#8243; name=&#8221;b_e524b4a1c116a2c17d29f8828_ff763ef8e7&#8243; type=&#8221;text&#8221; value=&#8221;&#8221; \/&gt;&lt;\/div&gt;&lt;!&#8211; [et_pb_line_break_holder] &#8211;&gt;&lt;div class=&#8221;clear&#8221;&gt;&lt;!&#8211; [et_pb_line_break_holder] &#8211;&gt;&lt;!&#8211; [et_pb_line_break_holder] &#8211;&gt;&lt;!&#8211; [et_pb_line_break_holder] &#8211;&gt;&lt;input id=&#8221;mc-embedded-subscribe&#8221; class=&#8221;et_pb_button et_pb_contact_submit&#8221; name=&#8221;subscribe&#8221; type=&#8221;submit&#8221; style=&#8221;margin:0px;&#8221; value=&#8221;Eintragen&#8221; \/&gt;&lt;!&#8211; [et_pb_line_break_holder] &#8211;&gt;&lt;!&#8211; [et_pb_line_break_holder] &#8211;&gt;&lt;!&#8211; [et_pb_line_break_holder] &#8211;&gt;&lt;button type=&#8221;submit&#8221; name=&#8221;subscribe&#8221; id=&#8221;mc-embedded-subscribe&#8221; style=&#8221;margin:0px;&#8221; class=&#8221;et_pb_contact_submit et_pb_button&#8221;&gt;Eintragen&lt;\/button&gt;&lt;!&#8211; [et_pb_line_break_holder] &#8211;&gt;&lt;!&#8211; [et_pb_line_break_holder] &#8211;&gt;&lt;!&#8211; [et_pb_line_break_holder] &#8211;&gt;&lt;\/div&gt;&lt;!&#8211; [et_pb_line_break_holder] &#8211;&gt;&lt;\/div&gt;&lt;!&#8211; [et_pb_line_break_holder] &#8211;&gt;&lt;\/form&gt;&lt;\/div&gt;&lt;!&#8211; [et_pb_line_break_holder] &#8211;&gt;&lt;script type=&#8217;text\/javascript&#8217; src=&#8217;\/\/s3.amazonaws.com\/downloads.mailchimp.com\/js\/mc-validate.js&#8217;&gt;&lt;\/script&gt;&lt;script type=&#8217;text\/javascript&#8217;&gt;(function($) {window.fnames = new Array(); window.ftypes = new Array();fnames[0]=&#8217;EMAIL&#8217;;ftypes[0]=&#8217;email&#8217;;fnames[1]=&#8217;FNAME&#8217;;ftypes[1]=&#8217;text&#8217;;fnames[2]=&#8217;LNAME&#8217;;ftypes[2]=&#8217;text&#8217;;fnames[3]=&#8217;ADDRESS&#8217;;ftypes[3]=&#8217;address&#8217;;fnames[4]=&#8217;PHONE&#8217;;ftypes[4]=&#8217;phone&#8217;;fnames[5]=&#8217;BIRTHDAY&#8217;;ftypes[5]=&#8217;birthday&#8217;; \/*&lt;!&#8211; [et_pb_line_break_holder] &#8211;&gt; * Translated default messages for the $ validation plugin.&lt;!&#8211; [et_pb_line_break_holder] &#8211;&gt; * Locale: DE&lt;!&#8211; [et_pb_line_break_holder] &#8211;&gt; *\/&lt;!&#8211; [et_pb_line_break_holder] &#8211;&gt;$.extend($.validator.messages, {&lt;!&#8211; [et_pb_line_break_holder] &#8211;&gt; required: &#8220;Dieses Feld ist ein Pflichtfeld.&#8221;,&lt;!&#8211; [et_pb_line_break_holder] &#8211;&gt; maxlength: $.validator.format(&#8220;Geben Sie bitte maximal {0} Zeichen ein.&#8221;),&lt;!&#8211; [et_pb_line_break_holder] &#8211;&gt; minlength: $.validator.format(&#8220;Geben Sie bitte mindestens {0} Zeichen ein.&#8221;),&lt;!&#8211; [et_pb_line_break_holder] &#8211;&gt; rangelength: $.validator.format(&#8220;Geben Sie bitte mindestens {0} und maximal {1} Zeichen ein.&#8221;),&lt;!&#8211; [et_pb_line_break_holder] &#8211;&gt; email: &#8220;Geben Sie bitte eine g\u00fcltige E-Mail Adresse ein.&#8221;,&lt;!&#8211; [et_pb_line_break_holder] &#8211;&gt; url: &#8220;Geben Sie bitte eine g\u00fcltige URL ein.&#8221;,&lt;!&#8211; [et_pb_line_break_holder] &#8211;&gt; date: &#8220;Bitte geben Sie ein g\u00fcltiges Datum ein.&#8221;,&lt;!&#8211; [et_pb_line_break_holder] &#8211;&gt; number: &#8220;Geben Sie bitte eine Nummer ein.&#8221;,&lt;!&#8211; [et_pb_line_break_holder] &#8211;&gt; digits: &#8220;Geben Sie bitte nur Ziffern ein.&#8221;,&lt;!&#8211; [et_pb_line_break_holder] &#8211;&gt; equalTo: &#8220;Bitte denselben Wert wiederholen.&#8221;,&lt;!&#8211; [et_pb_line_break_holder] &#8211;&gt; range: $.validator.format(&#8220;Geben Sie bitten einen Wert zwischen {0} und {1}.&#8221;),&lt;!&#8211; [et_pb_line_break_holder] &#8211;&gt; max: $.validator.format(&#8220;Geben Sie bitte einen Wert kleiner oder gleich {0} ein.&#8221;),&lt;!&#8211; [et_pb_line_break_holder] &#8211;&gt; min: $.validator.format(&#8220;Geben Sie bitte einen Wert gr\u00f6\u00dfer oder gleich {0} ein.&#8221;),&lt;!&#8211; [et_pb_line_break_holder] &#8211;&gt; creditcard: &#8220;Geben Sie bitte ein g\u00fcltige Kreditkarten-Nummer ein.&#8221;&lt;!&#8211; [et_pb_line_break_holder] &#8211;&gt;});}(jQuery));var $mcj = jQuery.noConflict(true);&lt;\/script&gt;&lt;!&#8211; [et_pb_line_break_holder] &#8211;&gt;End mc_embed_signup&#8211;&gt;&lt;!&#8211; [et_pb_line_break_holder] &#8211;&gt;&lt;!&#8211; [et_pb_line_break_holder] &#8211;&gt;&lt;!&#8211; [et_pb_line_break_holder] &#8211;&gt;<script>(function() {\n\twindow.mc4wp = window.mc4wp || {\n\t\tlisteners: [],\n\t\tforms: {\n\t\t\ton: function(evt, cb) {\n\t\t\t\twindow.mc4wp.listeners.push(\n\t\t\t\t\t{\n\t\t\t\t\t\tevent   : evt,\n\t\t\t\t\t\tcallback: cb\n\t\t\t\t\t}\n\t\t\t\t);\n\t\t\t}\n\t\t}\n\t}\n})();\n<\/script><!-- Mailchimp for WordPress v4.11.1 - https:\/\/wordpress.org\/plugins\/mailchimp-for-wp\/ --><form id=\"mc4wp-form-1\" class=\"mc4wp-form mc4wp-form-7332\" method=\"post\" data-id=\"7332\" data-name=\"berlin producers newsletter\" ><div class=\"mc4wp-form-fields\"><p>\r\n  <input style=\"width: 100%; padding: 16px; border-width: 0; -webkit-border-radius: 0; -moz-border-radius: 0; border-radius: 0; color: #999; background-color: #eee; font-size: 14px; -webkit-appearance: none;\" name=\"EMAIL\" required=\"\" type=\"email\" placeholder=\"Your email address\" \/>\r\n<\/p>\r\n<p style=\"font-size: 12px; line-height: 16px; padding-bottom: 20px;\">You can unsubscribe at any time by clicking on the link in the footer of our emails. Information about our privacy practices can be found on our website. We use Mailchimp as our marketing platform. By clicking below to subscribe, you acknowledge that your information will be transferred to Mailchimp for processing. Learn more about our privacy practices <a href=\"https:\/\/www.berlin-producers.de\/en\/privacy-policy\/\">here.<\/a><\/p>\r\n<p>\r\n  <button class=\"et_pb_contact_submit et_pb_button\" style=\"margin: 0px;\" name=\"subscribe\" type=\"submit\">Subscribe<\/button>\r\n<\/p><\/div><label style=\"display: none !important;\">Leave this field empty if you're human: <input type=\"text\" name=\"_mc4wp_honeypot\" value=\"\" tabindex=\"-1\" autocomplete=\"off\" \/><\/label><input type=\"hidden\" name=\"_mc4wp_timestamp\" value=\"1776189319\" \/><input type=\"hidden\" name=\"_mc4wp_form_id\" value=\"7332\" \/><input type=\"hidden\" name=\"_mc4wp_form_element_id\" value=\"mc4wp-form-1\" \/><div class=\"mc4wp-response\"><\/div><\/form><!-- \/ Mailchimp for WordPress Plugin -->[\/et_pb_code][et_pb_divider _builder_version=&#8221;3.16.1&#8243; show_divider=&#8221;off&#8221; height=&#8221;35px&#8221; \/][\/et_pb_column][\/et_pb_row][\/et_pb_section]<\/p>\n","protected":false},"excerpt":{"rendered":"<p>Stay up to date and subscribe to our newsletter distribution list: &lt;!&#8211; Begin Mailchimp Signup Form &lt;!&#8211; [et_pb_line_break_holder] &#8211;&gt;&lt;!&#8211; [et_pb_line_break_holder] &#8211;&gt;&lt;style type=&#8221;text\/css&#8221;&gt;&lt;!&#8211; [et_pb_line_break_holder] &#8211;&gt; #mc_embed_signup{background:#fff; clear:left; }&lt;br \/&gt;&lt;!&#8211; [et_pb_line_break_holder] &#8211;&gt; \/* Add your own MailChimp form style overrides in your site stylesheet or in this style block.&lt;br \/&gt;&lt;!&#8211; [et_pb_line_break_holder] &#8211;&gt; We recommend moving this block [&hellip;]<\/p>\n","protected":false},"author":1,"featured_media":0,"parent":0,"menu_order":0,"comment_status":"closed","ping_status":"closed","template":"","meta":{"_et_pb_use_builder":"on","_et_pb_old_content":"<p>Bleiben Sie auf dem Laufenden und tragen Sie sich in unseren Newsletterverteiler ein:<\/p><p>[newsletter]<\/p>","_et_gb_content_width":"","footnotes":""},"class_list":["post-7189","page","type-page","status-publish","hentry"],"yoast_head":"<!-- This site is optimized with the Yoast SEO plugin v27.0 - https:\/\/yoast.com\/product\/yoast-seo-wordpress\/ -->\n<title>Newsletter - Berlin Producers<\/title>\n<meta name=\"robots\" content=\"index, follow, max-snippet:-1, max-image-preview:large, max-video-preview:-1\" \/>\n<link rel=\"canonical\" href=\"https:\/\/www.berlin-producers.de\/en\/newsletter\/\" \/>\n<meta property=\"og:locale\" content=\"en_US\" \/>\n<meta property=\"og:type\" content=\"article\" \/>\n<meta property=\"og:title\" content=\"Newsletter - Berlin Producers\" \/>\n<meta property=\"og:description\" content=\"Stay up to date and subscribe to our newsletter distribution list: &lt;!-- Begin Mailchimp Signup Form &lt;!-- [et_pb_line_break_holder] --&gt;&lt;!-- [et_pb_line_break_holder] --&gt;&lt;style type=&quot;text\/css&quot;&gt;&lt;!-- [et_pb_line_break_holder] --&gt; #mc_embed_signup{background:#fff; clear:left; }&lt;br \/&gt;&lt;!-- [et_pb_line_break_holder] --&gt; \/* Add your own MailChimp form style overrides in your site stylesheet or in this style block.&lt;br \/&gt;&lt;!-- [et_pb_line_break_holder] --&gt; We recommend moving this block [&hellip;]\" \/>\n<meta property=\"og:url\" content=\"https:\/\/www.berlin-producers.de\/en\/newsletter\/\" \/>\n<meta property=\"og:site_name\" content=\"Berlin Producers\" \/>\n<meta property=\"article:modified_time\" content=\"2018-10-15T13:08:04+00:00\" \/>\n<meta name=\"twitter:card\" content=\"summary_large_image\" \/>\n<meta name=\"twitter:label1\" content=\"Est. reading time\" \/>\n\t<meta name=\"twitter:data1\" content=\"10 minutes\" \/>\n<script type=\"application\/ld+json\" class=\"yoast-schema-graph\">{\"@context\":\"https:\/\/schema.org\",\"@graph\":[{\"@type\":\"WebPage\",\"@id\":\"https:\/\/www.berlin-producers.de\/en\/newsletter\/\",\"url\":\"https:\/\/www.berlin-producers.de\/en\/newsletter\/\",\"name\":\"Newsletter - Berlin Producers\",\"isPartOf\":{\"@id\":\"https:\/\/www.berlin-producers.de\/#website\"},\"datePublished\":\"2015-05-04T07:28:36+00:00\",\"dateModified\":\"2018-10-15T13:08:04+00:00\",\"breadcrumb\":{\"@id\":\"https:\/\/www.berlin-producers.de\/en\/newsletter\/#breadcrumb\"},\"inLanguage\":\"en-US\",\"potentialAction\":[{\"@type\":\"ReadAction\",\"target\":[\"https:\/\/www.berlin-producers.de\/en\/newsletter\/\"]}]},{\"@type\":\"BreadcrumbList\",\"@id\":\"https:\/\/www.berlin-producers.de\/en\/newsletter\/#breadcrumb\",\"itemListElement\":[{\"@type\":\"ListItem\",\"position\":1,\"name\":\"Startseite\",\"item\":\"https:\/\/www.berlin-producers.de\/en\/\"},{\"@type\":\"ListItem\",\"position\":2,\"name\":\"Newsletter\"}]},{\"@type\":\"WebSite\",\"@id\":\"https:\/\/www.berlin-producers.de\/#website\",\"url\":\"https:\/\/www.berlin-producers.de\/\",\"name\":\"Berlin Producers\",\"description\":\"\",\"potentialAction\":[{\"@type\":\"SearchAction\",\"target\":{\"@type\":\"EntryPoint\",\"urlTemplate\":\"https:\/\/www.berlin-producers.de\/?s={search_term_string}\"},\"query-input\":{\"@type\":\"PropertyValueSpecification\",\"valueRequired\":true,\"valueName\":\"search_term_string\"}}],\"inLanguage\":\"en-US\"}]}<\/script>\n<!-- \/ Yoast SEO plugin. -->","yoast_head_json":{"title":"Newsletter - Berlin Producers","robots":{"index":"index","follow":"follow","max-snippet":"max-snippet:-1","max-image-preview":"max-image-preview:large","max-video-preview":"max-video-preview:-1"},"canonical":"https:\/\/www.berlin-producers.de\/en\/newsletter\/","og_locale":"en_US","og_type":"article","og_title":"Newsletter - Berlin Producers","og_description":"Stay up to date and subscribe to our newsletter distribution list: &lt;!-- Begin Mailchimp Signup Form &lt;!-- [et_pb_line_break_holder] --&gt;&lt;!-- [et_pb_line_break_holder] --&gt;&lt;style type=\"text\/css\"&gt;&lt;!-- [et_pb_line_break_holder] --&gt; #mc_embed_signup{background:#fff; clear:left; }&lt;br \/&gt;&lt;!-- [et_pb_line_break_holder] --&gt; \/* Add your own MailChimp form style overrides in your site stylesheet or in this style block.&lt;br \/&gt;&lt;!-- [et_pb_line_break_holder] --&gt; We recommend moving this block [&hellip;]","og_url":"https:\/\/www.berlin-producers.de\/en\/newsletter\/","og_site_name":"Berlin Producers","article_modified_time":"2018-10-15T13:08:04+00:00","twitter_card":"summary_large_image","twitter_misc":{"Est. reading time":"10 minutes"},"schema":{"@context":"https:\/\/schema.org","@graph":[{"@type":"WebPage","@id":"https:\/\/www.berlin-producers.de\/en\/newsletter\/","url":"https:\/\/www.berlin-producers.de\/en\/newsletter\/","name":"Newsletter - Berlin Producers","isPartOf":{"@id":"https:\/\/www.berlin-producers.de\/#website"},"datePublished":"2015-05-04T07:28:36+00:00","dateModified":"2018-10-15T13:08:04+00:00","breadcrumb":{"@id":"https:\/\/www.berlin-producers.de\/en\/newsletter\/#breadcrumb"},"inLanguage":"en-US","potentialAction":[{"@type":"ReadAction","target":["https:\/\/www.berlin-producers.de\/en\/newsletter\/"]}]},{"@type":"BreadcrumbList","@id":"https:\/\/www.berlin-producers.de\/en\/newsletter\/#breadcrumb","itemListElement":[{"@type":"ListItem","position":1,"name":"Startseite","item":"https:\/\/www.berlin-producers.de\/en\/"},{"@type":"ListItem","position":2,"name":"Newsletter"}]},{"@type":"WebSite","@id":"https:\/\/www.berlin-producers.de\/#website","url":"https:\/\/www.berlin-producers.de\/","name":"Berlin Producers","description":"","potentialAction":[{"@type":"SearchAction","target":{"@type":"EntryPoint","urlTemplate":"https:\/\/www.berlin-producers.de\/?s={search_term_string}"},"query-input":{"@type":"PropertyValueSpecification","valueRequired":true,"valueName":"search_term_string"}}],"inLanguage":"en-US"}]}},"_links":{"self":[{"href":"https:\/\/www.berlin-producers.de\/en\/wp-json\/wp\/v2\/pages\/7189","targetHints":{"allow":["GET"]}}],"collection":[{"href":"https:\/\/www.berlin-producers.de\/en\/wp-json\/wp\/v2\/pages"}],"about":[{"href":"https:\/\/www.berlin-producers.de\/en\/wp-json\/wp\/v2\/types\/page"}],"author":[{"embeddable":true,"href":"https:\/\/www.berlin-producers.de\/en\/wp-json\/wp\/v2\/users\/1"}],"replies":[{"embeddable":true,"href":"https:\/\/www.berlin-producers.de\/en\/wp-json\/wp\/v2\/comments?post=7189"}],"version-history":[{"count":0,"href":"https:\/\/www.berlin-producers.de\/en\/wp-json\/wp\/v2\/pages\/7189\/revisions"}],"wp:attachment":[{"href":"https:\/\/www.berlin-producers.de\/en\/wp-json\/wp\/v2\/media?parent=7189"}],"curies":[{"name":"wp","href":"https:\/\/api.w.org\/{rel}","templated":true}]}}